{"id":49,"date":"2025-04-07T11:46:33","date_gmt":"2025-04-07T11:46:33","guid":{"rendered":"https:\/\/www.ruberg.se\/_www_wiss_ruberg\/?page_id=49"},"modified":"2025-04-07T11:57:40","modified_gmt":"2025-04-07T11:57:40","slug":"media","status":"publish","type":"page","link":"https:\/\/ruberg.se\/pl\/media\/","title":{"rendered":"Media"},"content":{"rendered":"<div data-elementor-type=\"wp-page\" data-elementor-id=\"49\" class=\"elementor elementor-49\" data-elementor-post-type=\"page\">\n\t\t\t\t<div class=\"elementor-element elementor-element-abab229 e-flex e-con-boxed e-con e-parent\" data-id=\"abab229\" data-element_type=\"container\" data-settings=\"{&quot;background_background&quot;:&quot;classic&quot;}\">\n\t\t\t\t\t<div class=\"e-con-inner\">\n\t\t\t\t<div class=\"elementor-element elementor-element-23c8a55 elementor-widget__width-inherit elementor-widget elementor-widget-heading\" data-id=\"23c8a55\" data-element_type=\"widget\" data-widget_type=\"heading.default\">\n\t\t\t\t<div class=\"elementor-widget-container\">\n\t\t\t\t\t<h2 class=\"elementor-heading-title elementor-size-default\">KATALOG<\/h2>\t\t\t\t<\/div>\n\t\t\t\t<\/div>\n\t\t\t\t<div class=\"elementor-element elementor-element-f20cd8f elementor-widget-divider--view-line elementor-widget elementor-widget-divider\" data-id=\"f20cd8f\" data-element_type=\"widget\" data-widget_type=\"divider.default\">\n\t\t\t\t<div class=\"elementor-widget-container\">\n\t\t\t\t\t\t\t<div class=\"elementor-divider\">\n\t\t\t<span class=\"elementor-divider-separator\">\n\t\t\t\t\t\t<\/span>\n\t\t<\/div>\n\t\t\t\t\t\t<\/div>\n\t\t\t\t<\/div>\n\t\t\t\t<div class=\"elementor-element elementor-element-92c39e8 elementor-widget__width-inherit elementor-widget elementor-widget-text-editor\" data-id=\"92c39e8\" data-element_type=\"widget\" data-widget_type=\"text-editor.default\">\n\t\t\t\t<div class=\"elementor-widget-container\">\n\t\t\t\t\t\t\t\t\t<p>Pobierz nasz katalog i sprawdz nasze<br \/>niezwyk\u0142e mo\u017cliwo\u015bci woz\u00f3w stra\u017cackich i nie tylko.<\/p>\t\t\t\t\t\t\t\t<\/div>\n\t\t\t\t<\/div>\n\t\t\t\t<div class=\"elementor-element elementor-element-d1f9196 elementor-align-left elementor-widget__width-inherit elementor-invisible elementor-widget elementor-widget-button\" data-id=\"d1f9196\" data-element_type=\"widget\" data-settings=\"{&quot;_animation&quot;:&quot;fadeInLeft&quot;}\" data-widget_type=\"button.default\">\n\t\t\t\t<div class=\"elementor-widget-container\">\n\t\t\t\t\t\t\t\t\t<div class=\"elementor-button-wrapper\">\n\t\t\t\t\t<a class=\"elementor-button elementor-button-link elementor-size-sm\" href=\"https:\/\/www.wiss.com.pl\/wp-content\/uploads\/2025\/03\/katalog-2024.pdf\">\n\t\t\t\t\t\t<span class=\"elementor-button-content-wrapper\">\n\t\t\t\t\t\t\t\t\t<span class=\"elementor-button-text\">Pobierz<\/span>\n\t\t\t\t\t<\/span>\n\t\t\t\t\t<\/a>\n\t\t\t\t<\/div>\n\t\t\t\t\t\t\t\t<\/div>\n\t\t\t\t<\/div>\n\t\t\t\t\t<\/div>\n\t\t\t\t<\/div>\n\t\t<div class=\"elementor-element elementor-element-ca69aab elementor-hidden-desktop elementor-hidden-tablet elementor-hidden-mobile e-flex e-con-boxed e-con e-parent\" data-id=\"ca69aab\" data-element_type=\"container\" data-settings=\"{&quot;background_background&quot;:&quot;classic&quot;}\">\n\t\t\t\t\t<div class=\"e-con-inner\">\n\t\t\t\t<div class=\"elementor-element elementor-element-0a0189b elementor-widget__width-inherit elementor-widget elementor-widget-heading\" data-id=\"0a0189b\" data-element_type=\"widget\" data-widget_type=\"heading.default\">\n\t\t\t\t<div class=\"elementor-widget-container\">\n\t\t\t\t\t<h2 class=\"elementor-heading-title elementor-size-default\">KALENDARZ<\/h2>\t\t\t\t<\/div>\n\t\t\t\t<\/div>\n\t\t\t\t<div class=\"elementor-element elementor-element-426fcb0 elementor-widget-divider--view-line elementor-widget elementor-widget-divider\" data-id=\"426fcb0\" data-element_type=\"widget\" data-widget_type=\"divider.default\">\n\t\t\t\t<div class=\"elementor-widget-container\">\n\t\t\t\t\t\t\t<div class=\"elementor-divider\">\n\t\t\t<span class=\"elementor-divider-separator\">\n\t\t\t\t\t\t<\/span>\n\t\t<\/div>\n\t\t\t\t\t\t<\/div>\n\t\t\t\t<\/div>\n\t\t\t\t<div class=\"elementor-element elementor-element-6564305 elementor-widget__width-inherit elementor-widget elementor-widget-text-editor\" data-id=\"6564305\" data-element_type=\"widget\" data-widget_type=\"text-editor.default\">\n\t\t\t\t<div class=\"elementor-widget-container\">\n\t\t\t\t\t\t\t\t\t<p>Pobierz nasz kalendarz i zacznij dzia\u0142a\u0107.<br \/>Nowy rok pe\u0142en wyzwa\u0144 i niezwyk\u0142ych mo\u017cliwo\u015bci.<\/p>\t\t\t\t\t\t\t\t<\/div>\n\t\t\t\t<\/div>\n\t\t\t\t<div class=\"elementor-element elementor-element-6b86809 elementor-align-right elementor-widget__width-inherit elementor-invisible elementor-widget elementor-widget-button\" data-id=\"6b86809\" data-element_type=\"widget\" data-settings=\"{&quot;_animation&quot;:&quot;fadeInLeft&quot;}\" data-widget_type=\"button.default\">\n\t\t\t\t<div class=\"elementor-widget-container\">\n\t\t\t\t\t\t\t\t\t<div class=\"elementor-button-wrapper\">\n\t\t\t\t\t<a class=\"elementor-button elementor-button-link elementor-size-sm\" href=\"https:\/\/www.wiss.com.pl\/wp-content\/uploads\/2025\/03\/katalog-2024.pdf\">\n\t\t\t\t\t\t<span class=\"elementor-button-content-wrapper\">\n\t\t\t\t\t\t\t\t\t<span class=\"elementor-button-text\">Pobierz<\/span>\n\t\t\t\t\t<\/span>\n\t\t\t\t\t<\/a>\n\t\t\t\t<\/div>\n\t\t\t\t\t\t\t\t<\/div>\n\t\t\t\t<\/div>\n\t\t\t\t\t<\/div>\n\t\t\t\t<\/div>\n\t\t<div class=\"elementor-element elementor-element-4098b3f e-flex e-con-boxed elementor-invisible e-con e-parent\" data-id=\"4098b3f\" data-element_type=\"container\" data-settings=\"{&quot;animation&quot;:&quot;fadeIn&quot;}\">\n\t\t\t\t\t<div class=\"e-con-inner\">\n\t\t\t\t<div class=\"elementor-element elementor-element-c7afebb elementor-widget elementor-widget-heading\" data-id=\"c7afebb\" data-element_type=\"widget\" data-widget_type=\"heading.default\">\n\t\t\t\t<div class=\"elementor-widget-container\">\n\t\t\t\t\t<h2 class=\"elementor-heading-title elementor-size-default\">Galerie<\/h2>\t\t\t\t<\/div>\n\t\t\t\t<\/div>\n\t\t\t\t<div class=\"elementor-element elementor-element-93a9182 elementor-widget-divider--view-line elementor-widget elementor-widget-divider\" data-id=\"93a9182\" data-element_type=\"widget\" data-widget_type=\"divider.default\">\n\t\t\t\t<div class=\"elementor-widget-container\">\n\t\t\t\t\t\t\t<div class=\"elementor-divider\">\n\t\t\t<span class=\"elementor-divider-separator\">\n\t\t\t\t\t\t<\/span>\n\t\t<\/div>\n\t\t\t\t\t\t<\/div>\n\t\t\t\t<\/div>\n\t\t\t\t<div class=\"elementor-element elementor-element-caac033 elementor-widget elementor-widget-text-editor\" data-id=\"caac033\" data-element_type=\"widget\" data-widget_type=\"text-editor.default\">\n\t\t\t\t<div class=\"elementor-widget-container\">\n\t\t\t\t\t\t\t\t\t<p>Misj\u0105 Grupy WISS jest produkcja zaawansowanych technologicznie pojazd\u00f3w specjalistycznych i dostarczanie produkt\u00f3w dostosowanych do potrzeb najbardziej wymagaj\u0105cych klient\u00f3w. Zobacz nasze zrealizowane projekty.<\/p>\t\t\t\t\t\t\t\t<\/div>\n\t\t\t\t<\/div>\n\t\t\t\t<div class=\"elementor-element elementor-element-9107c79 elementor-widget elementor-widget-gallery\" data-id=\"9107c79\" data-element_type=\"widget\" data-settings=\"{&quot;gap&quot;:{&quot;unit&quot;:&quot;px&quot;,&quot;size&quot;:20,&quot;sizes&quot;:[]},&quot;lazyload&quot;:&quot;yes&quot;,&quot;gallery_layout&quot;:&quot;grid&quot;,&quot;columns&quot;:4,&quot;columns_tablet&quot;:2,&quot;columns_mobile&quot;:1,&quot;gap_tablet&quot;:{&quot;unit&quot;:&quot;px&quot;,&quot;size&quot;:10,&quot;sizes&quot;:[]},&quot;gap_mobile&quot;:{&quot;unit&quot;:&quot;px&quot;,&quot;size&quot;:10,&quot;sizes&quot;:[]},&quot;link_to&quot;:&quot;file&quot;,&quot;aspect_ratio&quot;:&quot;3:2&quot;,&quot;overlay_background&quot;:&quot;yes&quot;,&quot;content_hover_animation&quot;:&quot;fade-in&quot;}\" data-widget_type=\"gallery.default\">\n\t\t\t\t<div class=\"elementor-widget-container\">\n\t\t\t\t\t\t\t<div class=\"elementor-gallery__container\">\n\t\t\t\t\t\t\t<a class=\"e-gallery-item elementor-gallery-item elementor-animated-content\" href=\"https:\/\/ruberg.se\/wp-content\/uploads\/2025\/04\/zdj-2.jpg\" data-elementor-open-lightbox=\"yes\" data-elementor-lightbox-slideshow=\"9107c79\" data-elementor-lightbox-title=\"zdj-2.jpg\" data-e-action-hash=\"#elementor-action%3Aaction%3Dlightbox%26settings%3DeyJpZCI6NjcsInVybCI6Imh0dHBzOlwvXC9ydWJlcmcuc2VcL3dwLWNvbnRlbnRcL3VwbG9hZHNcLzIwMjVcLzA0XC96ZGotMi5qcGciLCJzbGlkZXNob3ciOiI5MTA3Yzc5In0%3D\">\n\t\t\t\t\t<div class=\"e-gallery-image elementor-gallery-item__image\" data-thumbnail=\"https:\/\/ruberg.se\/wp-content\/uploads\/2025\/04\/zdj-2.jpg\" data-width=\"1280\" data-height=\"853\" aria-label=\"\" role=\"img\" ><\/div>\n\t\t\t\t\t\t\t\t\t\t\t<div class=\"elementor-gallery-item__overlay\"><\/div>\n\t\t\t\t\t\t\t\t\t\t\t\t\t\t<\/a>\n\t\t\t\t\t\t\t<a class=\"e-gallery-item elementor-gallery-item elementor-animated-content\" href=\"https:\/\/ruberg.se\/wp-content\/uploads\/2025\/04\/zdj-3.jpg\" data-elementor-open-lightbox=\"yes\" data-elementor-lightbox-slideshow=\"9107c79\" data-elementor-lightbox-title=\"zdj-3.jpg\" data-e-action-hash=\"#elementor-action%3Aaction%3Dlightbox%26settings%3DeyJpZCI6NjUsInVybCI6Imh0dHBzOlwvXC9ydWJlcmcuc2VcL3dwLWNvbnRlbnRcL3VwbG9hZHNcLzIwMjVcLzA0XC96ZGotMy5qcGciLCJzbGlkZXNob3ciOiI5MTA3Yzc5In0%3D\">\n\t\t\t\t\t<div class=\"e-gallery-image elementor-gallery-item__image\" data-thumbnail=\"https:\/\/ruberg.se\/wp-content\/uploads\/2025\/04\/zdj-3.jpg\" data-width=\"1280\" data-height=\"854\" aria-label=\"\" role=\"img\" ><\/div>\n\t\t\t\t\t\t\t\t\t\t\t<div class=\"elementor-gallery-item__overlay\"><\/div>\n\t\t\t\t\t\t\t\t\t\t\t\t\t\t<\/a>\n\t\t\t\t\t\t\t<a class=\"e-gallery-item elementor-gallery-item elementor-animated-content\" href=\"https:\/\/ruberg.se\/wp-content\/uploads\/2025\/04\/zdj-12.jpg\" data-elementor-open-lightbox=\"yes\" data-elementor-lightbox-slideshow=\"9107c79\" data-elementor-lightbox-title=\"zdj-12.jpg\" data-e-action-hash=\"#elementor-action%3Aaction%3Dlightbox%26settings%3DeyJpZCI6NTQsInVybCI6Imh0dHBzOlwvXC9ydWJlcmcuc2VcL3dwLWNvbnRlbnRcL3VwbG9hZHNcLzIwMjVcLzA0XC96ZGotMTIuanBnIiwic2xpZGVzaG93IjoiOTEwN2M3OSJ9\">\n\t\t\t\t\t<div class=\"e-gallery-image elementor-gallery-item__image\" data-thumbnail=\"https:\/\/ruberg.se\/wp-content\/uploads\/2025\/04\/zdj-12.jpg\" data-width=\"1750\" data-height=\"1556\" aria-label=\"\" role=\"img\" ><\/div>\n\t\t\t\t\t\t\t\t\t\t\t<div class=\"elementor-gallery-item__overlay\"><\/div>\n\t\t\t\t\t\t\t\t\t\t\t\t\t\t<\/a>\n\t\t\t\t\t\t\t<a class=\"e-gallery-item elementor-gallery-item elementor-animated-content\" href=\"https:\/\/ruberg.se\/wp-content\/uploads\/2025\/04\/zdj-10.jpg\" data-elementor-open-lightbox=\"yes\" data-elementor-lightbox-slideshow=\"9107c79\" data-elementor-lightbox-title=\"zdj-10.jpg\" data-e-action-hash=\"#elementor-action%3Aaction%3Dlightbox%26settings%3DeyJpZCI6NTYsInVybCI6Imh0dHBzOlwvXC9ydWJlcmcuc2VcL3dwLWNvbnRlbnRcL3VwbG9hZHNcLzIwMjVcLzA0XC96ZGotMTAuanBnIiwic2xpZGVzaG93IjoiOTEwN2M3OSJ9\">\n\t\t\t\t\t<div class=\"e-gallery-image elementor-gallery-item__image\" data-thumbnail=\"https:\/\/ruberg.se\/wp-content\/uploads\/2025\/04\/zdj-10.jpg\" data-width=\"1750\" data-height=\"1556\" aria-label=\"\" role=\"img\" ><\/div>\n\t\t\t\t\t\t\t\t\t\t\t<div class=\"elementor-gallery-item__overlay\"><\/div>\n\t\t\t\t\t\t\t\t\t\t\t\t\t\t<\/a>\n\t\t\t\t\t\t\t<a class=\"e-gallery-item elementor-gallery-item elementor-animated-content\" href=\"https:\/\/ruberg.se\/wp-content\/uploads\/2025\/04\/zdj-4.png\" data-elementor-open-lightbox=\"yes\" data-elementor-lightbox-slideshow=\"9107c79\" data-elementor-lightbox-title=\"zdj-4.png\" data-e-action-hash=\"#elementor-action%3Aaction%3Dlightbox%26settings%3DeyJpZCI6NjIsInVybCI6Imh0dHBzOlwvXC9ydWJlcmcuc2VcL3dwLWNvbnRlbnRcL3VwbG9hZHNcLzIwMjVcLzA0XC96ZGotNC5wbmciLCJzbGlkZXNob3ciOiI5MTA3Yzc5In0%3D\">\n\t\t\t\t\t<div class=\"e-gallery-image elementor-gallery-item__image\" data-thumbnail=\"https:\/\/ruberg.se\/wp-content\/uploads\/2025\/04\/zdj-4.png\" data-width=\"560\" data-height=\"378\" aria-label=\"\" role=\"img\" ><\/div>\n\t\t\t\t\t\t\t\t\t\t\t<div class=\"elementor-gallery-item__overlay\"><\/div>\n\t\t\t\t\t\t\t\t\t\t\t\t\t\t<\/a>\n\t\t\t\t\t\t\t<a class=\"e-gallery-item elementor-gallery-item elementor-animated-content\" href=\"https:\/\/ruberg.se\/wp-content\/uploads\/2025\/04\/zdj-7.jpg\" data-elementor-open-lightbox=\"yes\" data-elementor-lightbox-slideshow=\"9107c79\" data-elementor-lightbox-title=\"zdj-7.jpg\" data-e-action-hash=\"#elementor-action%3Aaction%3Dlightbox%26settings%3DeyJpZCI6NTksInVybCI6Imh0dHBzOlwvXC9ydWJlcmcuc2VcL3dwLWNvbnRlbnRcL3VwbG9hZHNcLzIwMjVcLzA0XC96ZGotNy5qcGciLCJzbGlkZXNob3ciOiI5MTA3Yzc5In0%3D\">\n\t\t\t\t\t<div class=\"e-gallery-image elementor-gallery-item__image\" data-thumbnail=\"https:\/\/ruberg.se\/wp-content\/uploads\/2025\/04\/zdj-7.jpg\" data-width=\"1750\" data-height=\"1556\" aria-label=\"\" role=\"img\" ><\/div>\n\t\t\t\t\t\t\t\t\t\t\t<div class=\"elementor-gallery-item__overlay\"><\/div>\n\t\t\t\t\t\t\t\t\t\t\t\t\t\t<\/a>\n\t\t\t\t\t\t\t<a class=\"e-gallery-item elementor-gallery-item elementor-animated-content\" href=\"https:\/\/ruberg.se\/wp-content\/uploads\/2025\/04\/zdj-1.png\" data-elementor-open-lightbox=\"yes\" data-elementor-lightbox-slideshow=\"9107c79\" data-elementor-lightbox-title=\"zdj-1.png\" data-e-action-hash=\"#elementor-action%3Aaction%3Dlightbox%26settings%3DeyJpZCI6NjgsInVybCI6Imh0dHBzOlwvXC9ydWJlcmcuc2VcL3dwLWNvbnRlbnRcL3VwbG9hZHNcLzIwMjVcLzA0XC96ZGotMS5wbmciLCJzbGlkZXNob3ciOiI5MTA3Yzc5In0%3D\">\n\t\t\t\t\t<div class=\"e-gallery-image elementor-gallery-item__image\" data-thumbnail=\"https:\/\/ruberg.se\/wp-content\/uploads\/2025\/04\/zdj-1.png\" data-width=\"560\" data-height=\"378\" aria-label=\"\" role=\"img\" ><\/div>\n\t\t\t\t\t\t\t\t\t\t\t<div class=\"elementor-gallery-item__overlay\"><\/div>\n\t\t\t\t\t\t\t\t\t\t\t\t\t\t<\/a>\n\t\t\t\t\t\t\t<a class=\"e-gallery-item elementor-gallery-item elementor-animated-content\" href=\"https:\/\/ruberg.se\/wp-content\/uploads\/2025\/04\/zdj-2.png\" data-elementor-open-lightbox=\"yes\" data-elementor-lightbox-slideshow=\"9107c79\" data-elementor-lightbox-title=\"zdj-2.png\" data-e-action-hash=\"#elementor-action%3Aaction%3Dlightbox%26settings%3DeyJpZCI6NjYsInVybCI6Imh0dHBzOlwvXC9ydWJlcmcuc2VcL3dwLWNvbnRlbnRcL3VwbG9hZHNcLzIwMjVcLzA0XC96ZGotMi5wbmciLCJzbGlkZXNob3ciOiI5MTA3Yzc5In0%3D\">\n\t\t\t\t\t<div class=\"e-gallery-image elementor-gallery-item__image\" data-thumbnail=\"https:\/\/ruberg.se\/wp-content\/uploads\/2025\/04\/zdj-2.png\" data-width=\"560\" data-height=\"378\" aria-label=\"\" role=\"img\" ><\/div>\n\t\t\t\t\t\t\t\t\t\t\t<div class=\"elementor-gallery-item__overlay\"><\/div>\n\t\t\t\t\t\t\t\t\t\t\t\t\t\t<\/a>\n\t\t\t\t\t\t\t<a class=\"e-gallery-item elementor-gallery-item elementor-animated-content\" href=\"https:\/\/ruberg.se\/wp-content\/uploads\/2025\/04\/zdj-4.jpg\" data-elementor-open-lightbox=\"yes\" data-elementor-lightbox-slideshow=\"9107c79\" data-elementor-lightbox-title=\"zdj-4.jpg\" data-e-action-hash=\"#elementor-action%3Aaction%3Dlightbox%26settings%3DeyJpZCI6NjMsInVybCI6Imh0dHBzOlwvXC9ydWJlcmcuc2VcL3dwLWNvbnRlbnRcL3VwbG9hZHNcLzIwMjVcLzA0XC96ZGotNC5qcGciLCJzbGlkZXNob3ciOiI5MTA3Yzc5In0%3D\">\n\t\t\t\t\t<div class=\"e-gallery-image elementor-gallery-item__image\" data-thumbnail=\"https:\/\/ruberg.se\/wp-content\/uploads\/2025\/04\/zdj-4.jpg\" data-width=\"1280\" data-height=\"720\" aria-label=\"\" role=\"img\" ><\/div>\n\t\t\t\t\t\t\t\t\t\t\t<div class=\"elementor-gallery-item__overlay\"><\/div>\n\t\t\t\t\t\t\t\t\t\t\t\t\t\t<\/a>\n\t\t\t\t\t\t\t<a class=\"e-gallery-item elementor-gallery-item elementor-animated-content\" href=\"https:\/\/ruberg.se\/wp-content\/uploads\/2025\/04\/zdj-13.jpg\" data-elementor-open-lightbox=\"yes\" data-elementor-lightbox-slideshow=\"9107c79\" data-elementor-lightbox-title=\"zdj-13.jpg\" data-e-action-hash=\"#elementor-action%3Aaction%3Dlightbox%26settings%3DeyJpZCI6NTMsInVybCI6Imh0dHBzOlwvXC9ydWJlcmcuc2VcL3dwLWNvbnRlbnRcL3VwbG9hZHNcLzIwMjVcLzA0XC96ZGotMTMuanBnIiwic2xpZGVzaG93IjoiOTEwN2M3OSJ9\">\n\t\t\t\t\t<div class=\"e-gallery-image elementor-gallery-item__image\" data-thumbnail=\"https:\/\/ruberg.se\/wp-content\/uploads\/2025\/04\/zdj-13.jpg\" data-width=\"1750\" data-height=\"1556\" aria-label=\"\" role=\"img\" ><\/div>\n\t\t\t\t\t\t\t\t\t\t\t<div class=\"elementor-gallery-item__overlay\"><\/div>\n\t\t\t\t\t\t\t\t\t\t\t\t\t\t<\/a>\n\t\t\t\t\t\t\t<a class=\"e-gallery-item elementor-gallery-item elementor-animated-content\" href=\"https:\/\/ruberg.se\/wp-content\/uploads\/2025\/04\/zdj-8.jpg\" data-elementor-open-lightbox=\"yes\" data-elementor-lightbox-slideshow=\"9107c79\" data-elementor-lightbox-title=\"zdj-8.jpg\" data-e-action-hash=\"#elementor-action%3Aaction%3Dlightbox%26settings%3DeyJpZCI6NTgsInVybCI6Imh0dHBzOlwvXC9ydWJlcmcuc2VcL3dwLWNvbnRlbnRcL3VwbG9hZHNcLzIwMjVcLzA0XC96ZGotOC5qcGciLCJzbGlkZXNob3ciOiI5MTA3Yzc5In0%3D\">\n\t\t\t\t\t<div class=\"e-gallery-image elementor-gallery-item__image\" data-thumbnail=\"https:\/\/ruberg.se\/wp-content\/uploads\/2025\/04\/zdj-8.jpg\" data-width=\"1280\" data-height=\"854\" aria-label=\"\" role=\"img\" ><\/div>\n\t\t\t\t\t\t\t\t\t\t\t<div class=\"elementor-gallery-item__overlay\"><\/div>\n\t\t\t\t\t\t\t\t\t\t\t\t\t\t<\/a>\n\t\t\t\t\t\t\t<a class=\"e-gallery-item elementor-gallery-item elementor-animated-content\" href=\"https:\/\/ruberg.se\/wp-content\/uploads\/2025\/04\/zdj-6.jpg\" data-elementor-open-lightbox=\"yes\" data-elementor-lightbox-slideshow=\"9107c79\" data-elementor-lightbox-title=\"zdj-6.jpg\" data-e-action-hash=\"#elementor-action%3Aaction%3Dlightbox%26settings%3DeyJpZCI6NjAsInVybCI6Imh0dHBzOlwvXC9ydWJlcmcuc2VcL3dwLWNvbnRlbnRcL3VwbG9hZHNcLzIwMjVcLzA0XC96ZGotNi5qcGciLCJzbGlkZXNob3ciOiI5MTA3Yzc5In0%3D\">\n\t\t\t\t\t<div class=\"e-gallery-image elementor-gallery-item__image\" data-thumbnail=\"https:\/\/ruberg.se\/wp-content\/uploads\/2025\/04\/zdj-6.jpg\" data-width=\"806\" data-height=\"536\" aria-label=\"\" role=\"img\" ><\/div>\n\t\t\t\t\t\t\t\t\t\t\t<div class=\"elementor-gallery-item__overlay\"><\/div>\n\t\t\t\t\t\t\t\t\t\t\t\t\t\t<\/a>\n\t\t\t\t\t\t\t<a class=\"e-gallery-item elementor-gallery-item elementor-animated-content\" href=\"https:\/\/ruberg.se\/wp-content\/uploads\/2025\/04\/zdj-3.png\" data-elementor-open-lightbox=\"yes\" data-elementor-lightbox-slideshow=\"9107c79\" data-elementor-lightbox-title=\"zdj-3.png\" data-e-action-hash=\"#elementor-action%3Aaction%3Dlightbox%26settings%3DeyJpZCI6NjQsInVybCI6Imh0dHBzOlwvXC9ydWJlcmcuc2VcL3dwLWNvbnRlbnRcL3VwbG9hZHNcLzIwMjVcLzA0XC96ZGotMy5wbmciLCJzbGlkZXNob3ciOiI5MTA3Yzc5In0%3D\">\n\t\t\t\t\t<div class=\"e-gallery-image elementor-gallery-item__image\" data-thumbnail=\"https:\/\/ruberg.se\/wp-content\/uploads\/2025\/04\/zdj-3.png\" data-width=\"952\" data-height=\"832\" aria-label=\"\" role=\"img\" ><\/div>\n\t\t\t\t\t\t\t\t\t\t\t<div class=\"elementor-gallery-item__overlay\"><\/div>\n\t\t\t\t\t\t\t\t\t\t\t\t\t\t<\/a>\n\t\t\t\t\t\t\t<a class=\"e-gallery-item elementor-gallery-item elementor-animated-content\" href=\"https:\/\/ruberg.se\/wp-content\/uploads\/2025\/04\/zdj-5.jpg\" data-elementor-open-lightbox=\"yes\" data-elementor-lightbox-slideshow=\"9107c79\" data-elementor-lightbox-title=\"zdj-5.jpg\" data-e-action-hash=\"#elementor-action%3Aaction%3Dlightbox%26settings%3DeyJpZCI6NjEsInVybCI6Imh0dHBzOlwvXC9ydWJlcmcuc2VcL3dwLWNvbnRlbnRcL3VwbG9hZHNcLzIwMjVcLzA0XC96ZGotNS5qcGciLCJzbGlkZXNob3ciOiI5MTA3Yzc5In0%3D\">\n\t\t\t\t\t<div class=\"e-gallery-image elementor-gallery-item__image\" data-thumbnail=\"https:\/\/ruberg.se\/wp-content\/uploads\/2025\/04\/zdj-5.jpg\" data-width=\"1280\" data-height=\"854\" aria-label=\"\" role=\"img\" ><\/div>\n\t\t\t\t\t\t\t\t\t\t\t<div class=\"elementor-gallery-item__overlay\"><\/div>\n\t\t\t\t\t\t\t\t\t\t\t\t\t\t<\/a>\n\t\t\t\t\t\t\t<a class=\"e-gallery-item elementor-gallery-item elementor-animated-content\" href=\"https:\/\/ruberg.se\/wp-content\/uploads\/2025\/04\/zdj-11.jpg\" data-elementor-open-lightbox=\"yes\" data-elementor-lightbox-slideshow=\"9107c79\" data-elementor-lightbox-title=\"zdj-11.jpg\" data-e-action-hash=\"#elementor-action%3Aaction%3Dlightbox%26settings%3DeyJpZCI6NTUsInVybCI6Imh0dHBzOlwvXC9ydWJlcmcuc2VcL3dwLWNvbnRlbnRcL3VwbG9hZHNcLzIwMjVcLzA0XC96ZGotMTEuanBnIiwic2xpZGVzaG93IjoiOTEwN2M3OSJ9\">\n\t\t\t\t\t<div class=\"e-gallery-image elementor-gallery-item__image\" data-thumbnail=\"https:\/\/ruberg.se\/wp-content\/uploads\/2025\/04\/zdj-11.jpg\" data-width=\"1750\" data-height=\"1556\" aria-label=\"\" role=\"img\" ><\/div>\n\t\t\t\t\t\t\t\t\t\t\t<div class=\"elementor-gallery-item__overlay\"><\/div>\n\t\t\t\t\t\t\t\t\t\t\t\t\t\t<\/a>\n\t\t\t\t\t\t\t<a class=\"e-gallery-item elementor-gallery-item elementor-animated-content\" href=\"https:\/\/ruberg.se\/wp-content\/uploads\/2025\/04\/zdj-1.jpg\" data-elementor-open-lightbox=\"yes\" data-elementor-lightbox-slideshow=\"9107c79\" data-elementor-lightbox-title=\"zdj-1.jpg\" data-e-action-hash=\"#elementor-action%3Aaction%3Dlightbox%26settings%3DeyJpZCI6NjksInVybCI6Imh0dHBzOlwvXC9ydWJlcmcuc2VcL3dwLWNvbnRlbnRcL3VwbG9hZHNcLzIwMjVcLzA0XC96ZGotMS5qcGciLCJzbGlkZXNob3ciOiI5MTA3Yzc5In0%3D\">\n\t\t\t\t\t<div class=\"e-gallery-image elementor-gallery-item__image\" data-thumbnail=\"https:\/\/ruberg.se\/wp-content\/uploads\/2025\/04\/zdj-1.jpg\" data-width=\"2048\" data-height=\"1152\" aria-label=\"\" role=\"img\" ><\/div>\n\t\t\t\t\t\t\t\t\t\t\t<div class=\"elementor-gallery-item__overlay\"><\/div>\n\t\t\t\t\t\t\t\t\t\t\t\t\t\t<\/a>\n\t\t\t\t\t\t\t<a class=\"e-gallery-item elementor-gallery-item elementor-animated-content\" href=\"https:\/\/ruberg.se\/wp-content\/uploads\/2025\/04\/zdj-9.jpg\" data-elementor-open-lightbox=\"yes\" data-elementor-lightbox-slideshow=\"9107c79\" data-elementor-lightbox-title=\"zdj-9.jpg\" data-e-action-hash=\"#elementor-action%3Aaction%3Dlightbox%26settings%3DeyJpZCI6NTcsInVybCI6Imh0dHBzOlwvXC9ydWJlcmcuc2VcL3dwLWNvbnRlbnRcL3VwbG9hZHNcLzIwMjVcLzA0XC96ZGotOS5qcGciLCJzbGlkZXNob3ciOiI5MTA3Yzc5In0%3D\">\n\t\t\t\t\t<div class=\"e-gallery-image elementor-gallery-item__image\" data-thumbnail=\"https:\/\/ruberg.se\/wp-content\/uploads\/2025\/04\/zdj-9.jpg\" data-width=\"1750\" data-height=\"1556\" aria-label=\"\" role=\"img\" ><\/div>\n\t\t\t\t\t\t\t\t\t\t\t<div class=\"elementor-gallery-item__overlay\"><\/div>\n\t\t\t\t\t\t\t\t\t\t\t\t\t\t<\/a>\n\t\t\t\t\t<\/div>\n\t\t\t\t\t<\/div>\n\t\t\t\t<\/div>\n\t\t\t\t\t<\/div>\n\t\t\t\t<\/div>\n\t\t\t\t<\/div>","protected":false},"excerpt":{"rendered":"<p>KATALOG Pobierz nasz katalog i sprawdz naszeniezwyk\u0142e mo\u017cliwo\u015bci woz\u00f3w stra\u017cackich i nie tylko. Pobierz KALENDARZ Pobierz nasz kalendarz i zacznij dzia\u0142a\u0107.Nowy rok pe\u0142en wyzwa\u0144 i niezwyk\u0142ych mo\u017cliwo\u015bci. Pobierz Galerie Misj\u0105 Grupy WISS jest produkcja zaawansowanych technologicznie pojazd\u00f3w specjalistycznych i dostarczanie produkt\u00f3w dostosowanych do potrzeb najbardziej wymagaj\u0105cych klient\u00f3w. Zobacz nasze zrealizowane projekty.<\/p>","protected":false},"author":1,"featured_media":0,"parent":0,"menu_order":0,"comment_status":"closed","ping_status":"closed","template":"elementor_header_footer","meta":{"_acf_changed":false,"footnotes":""},"class_list":["post-49","page","type-page","status-publish","hentry"],"acf":[],"_links":{"self":[{"href":"https:\/\/ruberg.se\/pl\/wp-json\/wp\/v2\/pages\/49","targetHints":{"allow":["GET"]}}],"collection":[{"href":"https:\/\/ruberg.se\/pl\/wp-json\/wp\/v2\/pages"}],"about":[{"href":"https:\/\/ruberg.se\/pl\/wp-json\/wp\/v2\/types\/page"}],"author":[{"embeddable":true,"href":"https:\/\/ruberg.se\/pl\/wp-json\/wp\/v2\/users\/1"}],"replies":[{"embeddable":true,"href":"https:\/\/ruberg.se\/pl\/wp-json\/wp\/v2\/comments?post=49"}],"version-history":[{"count":4,"href":"https:\/\/ruberg.se\/pl\/wp-json\/wp\/v2\/pages\/49\/revisions"}],"predecessor-version":[{"id":73,"href":"https:\/\/ruberg.se\/pl\/wp-json\/wp\/v2\/pages\/49\/revisions\/73"}],"wp:attachment":[{"href":"https:\/\/ruberg.se\/pl\/wp-json\/wp\/v2\/media?parent=49"}],"curies":[{"name":"wp","href":"https:\/\/api.w.org\/{rel}","templated":true}]}}