{"id":288,"date":"2025-04-14T11:52:39","date_gmt":"2025-04-14T11:52:39","guid":{"rendered":"https:\/\/www.ruberg.se\/_www_wiss_ruberg\/?page_id=288"},"modified":"2025-04-14T11:54:17","modified_gmt":"2025-04-14T11:54:17","slug":"dolacz-do-nas","status":"publish","type":"page","link":"https:\/\/ruberg.se\/pl\/dolacz-do-nas\/","title":{"rendered":"Do\u0142\u0105cz do nas"},"content":{"rendered":"<div data-elementor-type=\"wp-page\" data-elementor-id=\"288\" class=\"elementor elementor-288\" data-elementor-post-type=\"page\">\n\t\t\t\t<div class=\"elementor-element elementor-element-4d59e37 e-flex e-con-boxed elementor-invisible e-con e-parent\" data-id=\"4d59e37\" data-element_type=\"container\" data-settings=\"{&quot;animation&quot;:&quot;fadeIn&quot;}\">\n\t\t\t\t\t<div class=\"e-con-inner\">\n\t\t\t\t<div class=\"elementor-element elementor-element-ad202e2 elementor-widget elementor-widget-heading\" data-id=\"ad202e2\" data-element_type=\"widget\" data-widget_type=\"heading.default\">\n\t\t\t\t<div class=\"elementor-widget-container\">\n\t\t\t\t\t<h2 class=\"elementor-heading-title elementor-size-default\">Nie nalaz\u0142e\u015b interesuj\u0105cej Ci\u0119 oferty pracy?<\/h2>\t\t\t\t<\/div>\n\t\t\t\t<\/div>\n\t\t\t\t<div class=\"elementor-element elementor-element-ce14785 elementor-widget-divider--view-line elementor-widget elementor-widget-divider\" data-id=\"ce14785\" data-element_type=\"widget\" data-widget_type=\"divider.default\">\n\t\t\t\t<div class=\"elementor-widget-container\">\n\t\t\t\t\t\t\t<div class=\"elementor-divider\">\n\t\t\t<span class=\"elementor-divider-separator\">\n\t\t\t\t\t\t<\/span>\n\t\t<\/div>\n\t\t\t\t\t\t<\/div>\n\t\t\t\t<\/div>\n\t\t\t\t<div class=\"elementor-element elementor-element-150b84e elementor-widget__width-initial elementor-widget elementor-widget-text-editor\" data-id=\"150b84e\" data-element_type=\"widget\" data-widget_type=\"text-editor.default\">\n\t\t\t\t<div class=\"elementor-widget-container\">\n\t\t\t\t\t\t\t\t\t<p>Prze\u015blij swoje CV z opisem co m\u00f3g\u0142by\u015b wnie\u015b\u0107 do Naszej firmy<\/p>\t\t\t\t\t\t\t\t<\/div>\n\t\t\t\t<\/div>\n\t\t\t\t\t<\/div>\n\t\t\t\t<\/div>\n\t\t<div class=\"elementor-element elementor-element-184dba7 e-flex e-con-boxed e-con e-parent\" data-id=\"184dba7\" data-element_type=\"container\">\n\t\t\t\t\t<div class=\"e-con-inner\">\n\t\t<div class=\"elementor-element elementor-element-144200a e-con-full e-flex e-con e-child\" data-id=\"144200a\" data-element_type=\"container\">\n\t\t\t\t<div class=\"elementor-element elementor-element-0ad9ae0 elementor-widget elementor-widget-image\" data-id=\"0ad9ae0\" data-element_type=\"widget\" data-widget_type=\"image.default\">\n\t\t\t\t<div class=\"elementor-widget-container\">\n\t\t\t\t\t\t\t\t\t\t\t\t\t\t\t\t<a href=\"https:\/\/www.wiss.com.pl\/oferty-pracy\/\">\n\t\t\t\t\t\t\t<img fetchpriority=\"high\" decoding=\"async\" width=\"2560\" height=\"1438\" src=\"https:\/\/ruberg.se\/wp-content\/uploads\/2025\/04\/1_0-scaled_PL-scaled-1.jpg\" class=\"attachment-full size-full wp-image-290\" alt=\"\" srcset=\"https:\/\/ruberg.se\/wp-content\/uploads\/2025\/04\/1_0-scaled_PL-scaled-1.jpg 2560w, https:\/\/ruberg.se\/wp-content\/uploads\/2025\/04\/1_0-scaled_PL-scaled-1-300x169.jpg 300w, https:\/\/ruberg.se\/wp-content\/uploads\/2025\/04\/1_0-scaled_PL-scaled-1-1024x575.jpg 1024w, https:\/\/ruberg.se\/wp-content\/uploads\/2025\/04\/1_0-scaled_PL-scaled-1-768x431.jpg 768w, https:\/\/ruberg.se\/wp-content\/uploads\/2025\/04\/1_0-scaled_PL-scaled-1-1536x863.jpg 1536w, https:\/\/ruberg.se\/wp-content\/uploads\/2025\/04\/1_0-scaled_PL-scaled-1-2048x1150.jpg 2048w, https:\/\/ruberg.se\/wp-content\/uploads\/2025\/04\/1_0-scaled_PL-scaled-1-600x337.jpg 600w\" sizes=\"(max-width: 2560px) 100vw, 2560px\" \/>\t\t\t\t\t\t\t\t<\/a>\n\t\t\t\t\t\t\t\t\t\t\t\t\t\t\t<\/div>\n\t\t\t\t<\/div>\n\t\t\t\t<\/div>\n\t\t<div class=\"elementor-element elementor-element-247d627 e-con-full e-flex e-con e-child\" data-id=\"247d627\" data-element_type=\"container\">\n\t\t\t\t<div class=\"elementor-element elementor-element-5975aee elementor-widget elementor-widget-image\" data-id=\"5975aee\" data-element_type=\"widget\" data-widget_type=\"image.default\">\n\t\t\t\t<div class=\"elementor-widget-container\">\n\t\t\t\t\t\t\t\t\t\t\t\t\t\t\t\t<a href=\"https:\/\/www.wiss.com.pl\/jak-rekrutujemy\/\">\n\t\t\t\t\t\t\t<img decoding=\"async\" width=\"2048\" height=\"1150\" src=\"https:\/\/ruberg.se\/wp-content\/uploads\/2025\/04\/2_0-scaled_PL.jpg\" class=\"attachment-full size-full wp-image-291\" alt=\"\" srcset=\"https:\/\/ruberg.se\/wp-content\/uploads\/2025\/04\/2_0-scaled_PL.jpg 2048w, https:\/\/ruberg.se\/wp-content\/uploads\/2025\/04\/2_0-scaled_PL-300x168.jpg 300w, https:\/\/ruberg.se\/wp-content\/uploads\/2025\/04\/2_0-scaled_PL-1024x575.jpg 1024w, https:\/\/ruberg.se\/wp-content\/uploads\/2025\/04\/2_0-scaled_PL-768x431.jpg 768w, https:\/\/ruberg.se\/wp-content\/uploads\/2025\/04\/2_0-scaled_PL-1536x863.jpg 1536w, https:\/\/ruberg.se\/wp-content\/uploads\/2025\/04\/2_0-scaled_PL-600x337.jpg 600w\" sizes=\"(max-width: 2048px) 100vw, 2048px\" \/>\t\t\t\t\t\t\t\t<\/a>\n\t\t\t\t\t\t\t\t\t\t\t\t\t\t\t<\/div>\n\t\t\t\t<\/div>\n\t\t\t\t<\/div>\n\t\t\t\t\t<\/div>\n\t\t\t\t<\/div>\n\t\t<div class=\"elementor-element elementor-element-344678b e-flex e-con-boxed e-con e-parent\" data-id=\"344678b\" data-element_type=\"container\">\n\t\t\t\t\t<div class=\"e-con-inner\">\n\t\t<div class=\"elementor-element elementor-element-e050841 e-con-full e-flex e-con e-child\" data-id=\"e050841\" data-element_type=\"container\">\n\t\t\t\t<div class=\"elementor-element elementor-element-69af177 elementor-widget elementor-widget-image\" data-id=\"69af177\" data-element_type=\"widget\" data-widget_type=\"image.default\">\n\t\t\t\t<div class=\"elementor-widget-container\">\n\t\t\t\t\t\t\t\t\t\t\t\t\t\t\t\t<a href=\"https:\/\/www.wiss.com.pl\/staze-i-praktyki\/\">\n\t\t\t\t\t\t\t<img decoding=\"async\" width=\"2048\" height=\"1150\" src=\"https:\/\/ruberg.se\/wp-content\/uploads\/2025\/04\/3_0-scaled_PL.jpg\" class=\"attachment-full size-full wp-image-292\" alt=\"\" srcset=\"https:\/\/ruberg.se\/wp-content\/uploads\/2025\/04\/3_0-scaled_PL.jpg 2048w, https:\/\/ruberg.se\/wp-content\/uploads\/2025\/04\/3_0-scaled_PL-300x168.jpg 300w, https:\/\/ruberg.se\/wp-content\/uploads\/2025\/04\/3_0-scaled_PL-1024x575.jpg 1024w, https:\/\/ruberg.se\/wp-content\/uploads\/2025\/04\/3_0-scaled_PL-768x431.jpg 768w, https:\/\/ruberg.se\/wp-content\/uploads\/2025\/04\/3_0-scaled_PL-1536x863.jpg 1536w, https:\/\/ruberg.se\/wp-content\/uploads\/2025\/04\/3_0-scaled_PL-600x337.jpg 600w\" sizes=\"(max-width: 2048px) 100vw, 2048px\" \/>\t\t\t\t\t\t\t\t<\/a>\n\t\t\t\t\t\t\t\t\t\t\t\t\t\t\t<\/div>\n\t\t\t\t<\/div>\n\t\t\t\t<\/div>\n\t\t<div class=\"elementor-element elementor-element-642651d e-con-full e-flex e-con e-child\" data-id=\"642651d\" data-element_type=\"container\">\n\t\t\t\t<div class=\"elementor-element elementor-element-5ee912a elementor-widget elementor-widget-image\" data-id=\"5ee912a\" data-element_type=\"widget\" data-widget_type=\"image.default\">\n\t\t\t\t<div class=\"elementor-widget-container\">\n\t\t\t\t\t\t\t\t\t\t\t\t\t\t\t\t<a href=\"https:\/\/www.wiss.com.pl\/wspolpraca-z-uczelniami-i-szkolami\/\">\n\t\t\t\t\t\t\t<img loading=\"lazy\" decoding=\"async\" width=\"2560\" height=\"1438\" src=\"https:\/\/ruberg.se\/wp-content\/uploads\/2025\/04\/4_0-scaled_PL-scaled-1.jpg\" class=\"attachment-full size-full wp-image-293\" alt=\"\" srcset=\"https:\/\/ruberg.se\/wp-content\/uploads\/2025\/04\/4_0-scaled_PL-scaled-1.jpg 2560w, https:\/\/ruberg.se\/wp-content\/uploads\/2025\/04\/4_0-scaled_PL-scaled-1-300x169.jpg 300w, https:\/\/ruberg.se\/wp-content\/uploads\/2025\/04\/4_0-scaled_PL-scaled-1-1024x575.jpg 1024w, https:\/\/ruberg.se\/wp-content\/uploads\/2025\/04\/4_0-scaled_PL-scaled-1-768x431.jpg 768w, https:\/\/ruberg.se\/wp-content\/uploads\/2025\/04\/4_0-scaled_PL-scaled-1-1536x863.jpg 1536w, https:\/\/ruberg.se\/wp-content\/uploads\/2025\/04\/4_0-scaled_PL-scaled-1-2048x1150.jpg 2048w, https:\/\/ruberg.se\/wp-content\/uploads\/2025\/04\/4_0-scaled_PL-scaled-1-600x337.jpg 600w\" sizes=\"(max-width: 2560px) 100vw, 2560px\" \/>\t\t\t\t\t\t\t\t<\/a>\n\t\t\t\t\t\t\t\t\t\t\t\t\t\t\t<\/div>\n\t\t\t\t<\/div>\n\t\t\t\t<\/div>\n\t\t\t\t\t<\/div>\n\t\t\t\t<\/div>\n\t\t<div class=\"elementor-element elementor-element-92493eb e-flex e-con-boxed elementor-invisible e-con e-parent\" data-id=\"92493eb\" data-element_type=\"container\" data-settings=\"{&quot;animation&quot;:&quot;fadeIn&quot;}\">\n\t\t\t\t\t<div class=\"e-con-inner\">\n\t\t\t\t<div class=\"elementor-element elementor-element-2eed046 elementor-widget elementor-widget-text-editor\" data-id=\"2eed046\" data-element_type=\"widget\" data-widget_type=\"text-editor.default\">\n\t\t\t\t<div class=\"elementor-widget-container\">\n\t\t\t\t\t\t\t\t\t<p>OFERTY PRACY W POSZCZEG\u00d3LNYCH FIRMACH GRUPY WISS<\/p>\t\t\t\t\t\t\t\t<\/div>\n\t\t\t\t<\/div>\n\t\t\t\t\t<\/div>\n\t\t\t\t<\/div>\n\t\t<div class=\"elementor-element elementor-element-41f4cbc e-flex e-con-boxed e-con e-parent\" data-id=\"41f4cbc\" data-element_type=\"container\">\n\t\t\t\t\t<div class=\"e-con-inner\">\n\t\t<div class=\"elementor-element elementor-element-6ef3ad8 e-con-full e-flex e-con e-child\" data-id=\"6ef3ad8\" data-element_type=\"container\">\n\t\t\t\t<div class=\"elementor-element elementor-element-30ea763 elementor-invisible elementor-widget elementor-widget-image\" data-id=\"30ea763\" data-element_type=\"widget\" data-settings=\"{&quot;_animation&quot;:&quot;fadeIn&quot;}\" data-widget_type=\"image.default\">\n\t\t\t\t<div class=\"elementor-widget-container\">\n\t\t\t\t\t\t\t\t\t\t\t\t\t\t\t<img loading=\"lazy\" decoding=\"async\" width=\"203\" height=\"462\" src=\"https:\/\/ruberg.se\/wp-content\/uploads\/2025\/04\/image-39.png\" class=\"attachment-full size-full wp-image-294\" alt=\"\" srcset=\"https:\/\/ruberg.se\/wp-content\/uploads\/2025\/04\/image-39.png 203w, https:\/\/ruberg.se\/wp-content\/uploads\/2025\/04\/image-39-132x300.png 132w\" sizes=\"(max-width: 203px) 100vw, 203px\" \/>\t\t\t\t\t\t\t\t\t\t\t\t\t\t\t<\/div>\n\t\t\t\t<\/div>\n\t\t\t\t<\/div>\n\t\t<div class=\"elementor-element elementor-element-62fa987 e-con-full e-flex e-con e-child\" data-id=\"62fa987\" data-element_type=\"container\">\n\t\t\t\t<div class=\"elementor-element elementor-element-3119eac elementor-invisible elementor-widget elementor-widget-image\" data-id=\"3119eac\" data-element_type=\"widget\" data-settings=\"{&quot;_animation&quot;:&quot;fadeIn&quot;}\" data-widget_type=\"image.default\">\n\t\t\t\t<div class=\"elementor-widget-container\">\n\t\t\t\t\t\t\t\t\t\t\t\t\t\t\t<img loading=\"lazy\" decoding=\"async\" width=\"192\" height=\"443\" src=\"https:\/\/ruberg.se\/wp-content\/uploads\/2025\/04\/image-40.png\" class=\"attachment-full size-full wp-image-295\" alt=\"\" srcset=\"https:\/\/ruberg.se\/wp-content\/uploads\/2025\/04\/image-40.png 192w, https:\/\/ruberg.se\/wp-content\/uploads\/2025\/04\/image-40-130x300.png 130w\" sizes=\"(max-width: 192px) 100vw, 192px\" \/>\t\t\t\t\t\t\t\t\t\t\t\t\t\t\t<\/div>\n\t\t\t\t<\/div>\n\t\t\t\t<\/div>\n\t\t<div class=\"elementor-element elementor-element-b785f7c e-con-full e-flex e-con e-child\" data-id=\"b785f7c\" data-element_type=\"container\">\n\t\t\t\t<div class=\"elementor-element elementor-element-e3a1fac elementor-invisible elementor-widget elementor-widget-image\" data-id=\"e3a1fac\" data-element_type=\"widget\" data-settings=\"{&quot;_animation&quot;:&quot;fadeIn&quot;}\" data-widget_type=\"image.default\">\n\t\t\t\t<div class=\"elementor-widget-container\">\n\t\t\t\t\t\t\t\t\t\t\t\t\t\t\t<img loading=\"lazy\" decoding=\"async\" width=\"192\" height=\"459\" src=\"https:\/\/ruberg.se\/wp-content\/uploads\/2025\/04\/image-41.png\" class=\"attachment-full size-full wp-image-296\" alt=\"\" srcset=\"https:\/\/ruberg.se\/wp-content\/uploads\/2025\/04\/image-41.png 192w, https:\/\/ruberg.se\/wp-content\/uploads\/2025\/04\/image-41-125x300.png 125w\" sizes=\"(max-width: 192px) 100vw, 192px\" \/>\t\t\t\t\t\t\t\t\t\t\t\t\t\t\t<\/div>\n\t\t\t\t<\/div>\n\t\t\t\t<\/div>\n\t\t<div class=\"elementor-element elementor-element-73d61a4 e-con-full e-flex e-con e-child\" data-id=\"73d61a4\" data-element_type=\"container\">\n\t\t\t\t<div class=\"elementor-element elementor-element-d26bda8 elementor-invisible elementor-widget elementor-widget-image\" data-id=\"d26bda8\" data-element_type=\"widget\" data-settings=\"{&quot;_animation&quot;:&quot;fadeIn&quot;}\" data-widget_type=\"image.default\">\n\t\t\t\t<div class=\"elementor-widget-container\">\n\t\t\t\t\t\t\t\t\t\t\t\t\t\t\t<img loading=\"lazy\" decoding=\"async\" width=\"203\" height=\"452\" src=\"https:\/\/ruberg.se\/wp-content\/uploads\/2025\/04\/image-42.png\" class=\"attachment-full size-full wp-image-297\" alt=\"\" srcset=\"https:\/\/ruberg.se\/wp-content\/uploads\/2025\/04\/image-42.png 203w, https:\/\/ruberg.se\/wp-content\/uploads\/2025\/04\/image-42-135x300.png 135w\" sizes=\"(max-width: 203px) 100vw, 203px\" \/>\t\t\t\t\t\t\t\t\t\t\t\t\t\t\t<\/div>\n\t\t\t\t<\/div>\n\t\t\t\t<\/div>\n\t\t<div class=\"elementor-element elementor-element-8861ec5 e-con-full e-flex e-con e-child\" data-id=\"8861ec5\" data-element_type=\"container\">\n\t\t\t\t<div class=\"elementor-element elementor-element-5f90d40 elementor-invisible elementor-widget elementor-widget-image\" data-id=\"5f90d40\" data-element_type=\"widget\" data-settings=\"{&quot;_animation&quot;:&quot;fadeIn&quot;}\" data-widget_type=\"image.default\">\n\t\t\t\t<div class=\"elementor-widget-container\">\n\t\t\t\t\t\t\t\t\t\t\t\t\t\t\t<img loading=\"lazy\" decoding=\"async\" width=\"191\" height=\"436\" src=\"https:\/\/ruberg.se\/wp-content\/uploads\/2025\/04\/image-43.png\" class=\"attachment-full size-full wp-image-298\" alt=\"\" srcset=\"https:\/\/ruberg.se\/wp-content\/uploads\/2025\/04\/image-43.png 191w, https:\/\/ruberg.se\/wp-content\/uploads\/2025\/04\/image-43-131x300.png 131w\" sizes=\"(max-width: 191px) 100vw, 191px\" \/>\t\t\t\t\t\t\t\t\t\t\t\t\t\t\t<\/div>\n\t\t\t\t<\/div>\n\t\t\t\t<\/div>\n\t\t\t\t\t<\/div>\n\t\t\t\t<\/div>\n\t\t\t\t<\/div>","protected":false},"excerpt":{"rendered":"<p>Nie nalaz\u0142e\u015b interesuj\u0105cej Ci\u0119 oferty pracy? Prze\u015blij swoje CV z opisem co m\u00f3g\u0142by\u015b wnie\u015b\u0107 do Naszej firmy OFERTY PRACY W POSZCZEG\u00d3LNYCH FIRMACH GRUPY WISS<\/p>","protected":false},"author":1,"featured_media":0,"parent":0,"menu_order":0,"comment_status":"closed","ping_status":"closed","template":"elementor_header_footer","meta":{"_acf_changed":false,"footnotes":""},"class_list":["post-288","page","type-page","status-publish","hentry"],"acf":[],"_links":{"self":[{"href":"https:\/\/ruberg.se\/pl\/wp-json\/wp\/v2\/pages\/288","targetHints":{"allow":["GET"]}}],"collection":[{"href":"https:\/\/ruberg.se\/pl\/wp-json\/wp\/v2\/pages"}],"about":[{"href":"https:\/\/ruberg.se\/pl\/wp-json\/wp\/v2\/types\/page"}],"author":[{"embeddable":true,"href":"https:\/\/ruberg.se\/pl\/wp-json\/wp\/v2\/users\/1"}],"replies":[{"embeddable":true,"href":"https:\/\/ruberg.se\/pl\/wp-json\/wp\/v2\/comments?post=288"}],"version-history":[{"count":4,"href":"https:\/\/ruberg.se\/pl\/wp-json\/wp\/v2\/pages\/288\/revisions"}],"predecessor-version":[{"id":301,"href":"https:\/\/ruberg.se\/pl\/wp-json\/wp\/v2\/pages\/288\/revisions\/301"}],"wp:attachment":[{"href":"https:\/\/ruberg.se\/pl\/wp-json\/wp\/v2\/media?parent=288"}],"curies":[{"name":"wp","href":"https:\/\/api.w.org\/{rel}","templated":true}]}}