{"id":239,"date":"2025-04-14T11:27:39","date_gmt":"2025-04-14T11:27:39","guid":{"rendered":"https:\/\/www.ruberg.se\/_www_wiss_ruberg\/?page_id=239"},"modified":"2025-04-14T11:28:22","modified_gmt":"2025-04-14T11:28:22","slug":"rejestr-akcjonariuszy","status":"publish","type":"page","link":"https:\/\/ruberg.se\/pl\/rejestr-akcjonariuszy\/","title":{"rendered":"Rejestr akcjonariuszy"},"content":{"rendered":"<div data-elementor-type=\"wp-page\" data-elementor-id=\"239\" class=\"elementor elementor-239\" data-elementor-post-type=\"page\">\n\t\t\t\t<div class=\"elementor-element elementor-element-e0c766d e-flex e-con-boxed elementor-invisible e-con e-parent\" data-id=\"e0c766d\" data-element_type=\"container\" data-settings=\"{&quot;animation&quot;:&quot;fadeIn&quot;}\">\n\t\t\t\t\t<div class=\"e-con-inner\">\n\t\t\t\t<div class=\"elementor-element elementor-element-470d635 elementor-widget elementor-widget-heading\" data-id=\"470d635\" data-element_type=\"widget\" data-widget_type=\"heading.default\">\n\t\t\t\t<div class=\"elementor-widget-container\">\n\t\t\t\t\t<h2 class=\"elementor-heading-title elementor-size-default\">Rejestr\nakcjonariuszy<\/h2>\t\t\t\t<\/div>\n\t\t\t\t<\/div>\n\t\t\t\t<div class=\"elementor-element elementor-element-c60b8ac elementor-widget-divider--view-line elementor-widget elementor-widget-divider\" data-id=\"c60b8ac\" data-element_type=\"widget\" data-widget_type=\"divider.default\">\n\t\t\t\t<div class=\"elementor-widget-container\">\n\t\t\t\t\t\t\t<div class=\"elementor-divider\">\n\t\t\t<span class=\"elementor-divider-separator\">\n\t\t\t\t\t\t<\/span>\n\t\t<\/div>\n\t\t\t\t\t\t<\/div>\n\t\t\t\t<\/div>\n\t\t\t\t<div class=\"elementor-element elementor-element-05d8710 elementor-icon-list--layout-traditional elementor-list-item-link-full_width elementor-widget elementor-widget-icon-list\" data-id=\"05d8710\" data-element_type=\"widget\" data-widget_type=\"icon-list.default\">\n\t\t\t\t<div class=\"elementor-widget-container\">\n\t\t\t\t\t\t\t<ul class=\"elementor-icon-list-items\">\n\t\t\t\t\t\t\t<li class=\"elementor-icon-list-item\">\n\t\t\t\t\t\t\t\t\t\t\t<a href=\"https:\/\/www.bumar.pl\/files\/akc\/RegulaminRAS.pdf\">\n\n\t\t\t\t\t\t\t\t\t\t\t<span class=\"elementor-icon-list-text\">1. Regulamin prowadzenia Rejestru Akcjonariuszy przez Dom Maklerski BDM S.A. <\/span>\n\t\t\t\t\t\t\t\t\t\t\t<\/a>\n\t\t\t\t\t\t\t\t\t<\/li>\n\t\t\t\t\t\t\t\t<li class=\"elementor-icon-list-item\">\n\t\t\t\t\t\t\t\t\t\t\t<a href=\"https:\/\/www.bumar.pl\/files\/akc\/oplatdlaAkcjonariuszy-skonwertowany.pdf\">\n\n\t\t\t\t\t\t\t\t\t\t\t<span class=\"elementor-icon-list-text\">2. Tabel\u0119 op\u0142at za us\u0142ugi \u015bwiadczone przez Dom Maklerski BDM S.A. zwi\u0105zane z prowadzeniem Rejestru Akcjonariuszy<\/span>\n\t\t\t\t\t\t\t\t\t\t\t<\/a>\n\t\t\t\t\t\t\t\t\t<\/li>\n\t\t\t\t\t\t\t\t<li class=\"elementor-icon-list-item\">\n\t\t\t\t\t\t\t\t\t\t\t<a href=\"https:\/\/www.bumar.pl\/files\/akc\/ZasadyprzetwarzaniadanychosobowychwDMBDMS.A.-skonwertowany.pdf\">\n\n\t\t\t\t\t\t\t\t\t\t\t<span class=\"elementor-icon-list-text\">3. Zasady przetwarzania danych osobowych w DM BDM S.A.<\/span>\n\t\t\t\t\t\t\t\t\t\t\t<\/a>\n\t\t\t\t\t\t\t\t\t<\/li>\n\t\t\t\t\t\t<\/ul>\n\t\t\t\t\t\t<\/div>\n\t\t\t\t<\/div>\n\t\t\t\t\t<\/div>\n\t\t\t\t<\/div>\n\t\t\t\t<\/div>","protected":false},"excerpt":{"rendered":"<p>Rejestr akcjonariuszy 1. Regulamin prowadzenia Rejestru Akcjonariuszy przez Dom Maklerski BDM S.A. 2. Tabel\u0119 op\u0142at za us\u0142ugi \u015bwiadczone przez Dom Maklerski BDM S.A. zwi\u0105zane z prowadzeniem Rejestru Akcjonariuszy 3. Zasady przetwarzania danych osobowych w DM BDM S.A.<\/p>","protected":false},"author":1,"featured_media":0,"parent":0,"menu_order":0,"comment_status":"closed","ping_status":"closed","template":"elementor_header_footer","meta":{"_acf_changed":false,"footnotes":""},"class_list":["post-239","page","type-page","status-publish","hentry"],"acf":[],"_links":{"self":[{"href":"https:\/\/ruberg.se\/pl\/wp-json\/wp\/v2\/pages\/239","targetHints":{"allow":["GET"]}}],"collection":[{"href":"https:\/\/ruberg.se\/pl\/wp-json\/wp\/v2\/pages"}],"about":[{"href":"https:\/\/ruberg.se\/pl\/wp-json\/wp\/v2\/types\/page"}],"author":[{"embeddable":true,"href":"https:\/\/ruberg.se\/pl\/wp-json\/wp\/v2\/users\/1"}],"replies":[{"embeddable":true,"href":"https:\/\/ruberg.se\/pl\/wp-json\/wp\/v2\/comments?post=239"}],"version-history":[{"count":4,"href":"https:\/\/ruberg.se\/pl\/wp-json\/wp\/v2\/pages\/239\/revisions"}],"predecessor-version":[{"id":243,"href":"https:\/\/ruberg.se\/pl\/wp-json\/wp\/v2\/pages\/239\/revisions\/243"}],"wp:attachment":[{"href":"https:\/\/ruberg.se\/pl\/wp-json\/wp\/v2\/media?parent=239"}],"curies":[{"name":"wp","href":"https:\/\/api.w.org\/{rel}","templated":true}]}}